{"id":2,"date":"2011-05-06T20:16:33","date_gmt":"2011-05-06T18:16:33","guid":{"rendered":"http:\/\/www.lichtpauspruefer.de\/?page_id=2"},"modified":"2011-06-03T13:00:19","modified_gmt":"2011-06-03T11:00:19","slug":"eine-seite","status":"publish","type":"page","link":"https:\/\/www.lichtpauspruefer.de\/?page_id=2","title":{"rendered":"Gebrauchsanweisung"},"content":{"rendered":"<p style=\"text-align: center;\">GEBRAUCHSANWEISUNG<\/p>\n<p style=\"text-align: center;\"><em>Man ermittle zuerst den ungef\u00e4hren Grad der Lichtabsorption des verwendeten Transparent-Zeichenpapiers<\/em><\/p>\n<p>Hierzu dienen die in diesem Heft enthaltenen Papierproben, die vier verschiedenen Lichtdurchl\u00e4ssigkeitgruppen angeh\u00f6ren. In jeder Gruppe sind ein graustichiges und ein gelbstichiges Papiermuster vorhanden, da Papiere mit gelbstichigem Ton dem Auge transparenter erscheinen als grauget\u00f6nte Papiere der gleichen Absorptionsklasse. Das Ma\u00df f\u00fcr die Eigenschaft der Lichtdurchl\u00e4ssigkeit ist in Lichtabsorptions-Prozenten angegeben.<\/p>\n<p>Durch einen Vergleich stellt man fest, welches Muster dem verwendeten Papier am \u00e4hnlichsten ist und liest den Grad der Lichtabsorption ab (40% 50% 60% oder 70%) Hat man den Eindruck, dass das benutzte Papier eine etwas geringere Lichtdurchl\u00e4ssigkeit besitzt, als das entsprechende Muster (beispielsweise 50%), dann w\u00e4hle man f\u00fcr die nachfolgende P\u00fcfung die n\u00e4chsh\u00f6here Abstufung (beispielsweise 60%).<\/p>\n<p><em>Man messe nunmehr mit dem Lichtpauspr\u00fcfer die Lichtpausf\u00e4higkeit der gezeichneten Linie<\/em><\/p>\n<p>Dazu legt man den Lichtpauspr\u00fcfer auf die gezeichnete Linie und zwar so, da\u00df sie sich unter derjenigen Tonstufe des Graufilters befindet, welche mit den entsprechenden Prozentziffern gekennzeichnet ist.<\/p>\n<p>In dem Ma\u00dfe, in dem die gzeichnete Linie hier erkenbar ist, wird sie auch auf der Lichtpause erscheinen.<\/p>\n<p>Ist die Linie nicht deutlich genug, so mu\u00df man sie durch Nachziehen verst\u00e4rken, oder unter Verwendung einer weicheren Gradation neu zeichnen.<\/p>\n<p style=\"text-align: center;\"><em>Die Zuverl\u00e4ssigkeit dieser Pr\u00fcfung ist an folgende Voraussetzung gebunden:<\/em><\/p>\n<p style=\"text-align: center;\"><em>1. Verwendung von KOH &#8211; I &#8211; NOOR &#8211; Bleistiften<\/em><\/p>\n<p style=\"text-align: center;\"><em>2. sachgem\u00e4\u00dfes Lichtpausen<\/em><\/p>\n","protected":false},"excerpt":{"rendered":"<p>GEBRAUCHSANWEISUNG Man ermittle zuerst den ungef\u00e4hren Grad der Lichtabsorption des verwendeten Transparent-Zeichenpapiers Hierzu dienen die in diesem Heft enthaltenen Papierproben, die vier verschiedenen Lichtdurchl\u00e4ssigkeitgruppen angeh\u00f6ren. In jeder Gruppe sind ein graustichiges und ein gelbstichiges Papiermuster vorhanden, da Papiere mit gelbstichigem Ton dem Auge transparenter erscheinen als grauget\u00f6nte Papiere der gleichen Absorptionsklasse. Das Ma\u00df f\u00fcr die [&hellip;]<\/p>\n","protected":false},"author":1,"featured_media":0,"parent":0,"menu_order":0,"comment_status":"open","ping_status":"open","template":"","meta":[],"_links":{"self":[{"href":"https:\/\/www.lichtpauspruefer.de\/index.php?rest_route=\/wp\/v2\/pages\/2"}],"collection":[{"href":"https:\/\/www.lichtpauspruefer.de\/index.php?rest_route=\/wp\/v2\/pages"}],"about":[{"href":"https:\/\/www.lichtpauspruefer.de\/index.php?rest_route=\/wp\/v2\/types\/page"}],"author":[{"embeddable":true,"href":"https:\/\/www.lichtpauspruefer.de\/index.php?rest_route=\/wp\/v2\/users\/1"}],"replies":[{"embeddable":true,"href":"https:\/\/www.lichtpauspruefer.de\/index.php?rest_route=%2Fwp%2Fv2%2Fcomments&post=2"}],"version-history":[{"count":8,"href":"https:\/\/www.lichtpauspruefer.de\/index.php?rest_route=\/wp\/v2\/pages\/2\/revisions"}],"predecessor-version":[{"id":31,"href":"https:\/\/www.lichtpauspruefer.de\/index.php?rest_route=\/wp\/v2\/pages\/2\/revisions\/31"}],"wp:attachment":[{"href":"https:\/\/www.lichtpauspruefer.de\/index.php?rest_route=%2Fwp%2Fv2%2Fmedia&parent=2"}],"curies":[{"name":"wp","href":"https:\/\/api.w.org\/{rel}","templated":true}]}}